{"id":1930,"date":"2025-10-18T10:22:55","date_gmt":"2025-10-18T08:22:55","guid":{"rendered":"https:\/\/aliara-restaurant.de\/?page_id=1930"},"modified":"2026-02-19T09:29:55","modified_gmt":"2026-02-19T07:29:55","slug":"drinks","status":"publish","type":"page","link":"https:\/\/aliara-restaurant.de\/en\/drinks\/","title":{"rendered":"Exotische Drinks"},"content":{"rendered":"<div data-elementor-type=\"wp-page\" data-elementor-id=\"1930\" class=\"elementor elementor-1930\" data-elementor-settings=\"{&quot;ha_cmc_init_switcher&quot;:&quot;no&quot;}\">\n\t\t\t\t<div data-ha-bg-parallax=\"{&quot;type&quot;:&quot;automove&quot;,&quot;speed&quot;:6,&quot;direction&quot;:&quot;top&quot;}\" class=\"elementor-element elementor-element-6c507d2 ha-bg-parallax-yes e-flex e-con-boxed e-con e-parent\" data-id=\"6c507d2\" data-element_type=\"container\" data-e-type=\"container\" data-settings=\"{&quot;ha_bg_parallax_switcher&quot;:&quot;yes&quot;,&quot;ha_bg_parallax_type&quot;:&quot;automove&quot;,&quot;ha_bg_parallax_automove_direction&quot;:&quot;top&quot;,&quot;ha_bg_parallax_automove_speed&quot;:6,&quot;_ha_eqh_enable&quot;:false}\">\n\t\t\t\t\t<div class=\"e-con-inner\">\n\t\t<div class=\"elementor-element elementor-element-522394c e-con-full e-flex e-con e-child\" data-id=\"522394c\" data-element_type=\"container\" data-e-type=\"container\" data-settings=\"{&quot;animation_mobile&quot;:&quot;slideInRight&quot;,&quot;_ha_eqh_enable&quot;:false}\">\n\t\t<div class=\"elementor-element elementor-element-9e8d18b e-con-full e-flex e-con e-child\" data-id=\"9e8d18b\" data-element_type=\"container\" data-e-type=\"container\" data-settings=\"{&quot;background_background&quot;:&quot;classic&quot;,&quot;shape_divider_bottom&quot;:&quot;triangle&quot;,&quot;_ha_eqh_enable&quot;:false}\">\n\t\t\t\t<div class=\"elementor-shape elementor-shape-bottom\" aria-hidden=\"true\" data-negative=\"false\">\n\t\t\t<svg xmlns=\"http:\/\/www.w3.org\/2000\/svg\" viewbox=\"0 0 1000 100\" preserveaspectratio=\"none\">\n\t<path class=\"elementor-shape-fill\" d=\"M500,98.9L0,6.1V0h1000v6.1L500,98.9z\"\/>\n<\/svg>\t\t<\/div>\n\t\t<div class=\"elementor-element elementor-element-a0d800c e-con-full e-flex e-con e-child\" data-id=\"a0d800c\" data-element_type=\"container\" data-e-type=\"container\" data-settings=\"{&quot;_ha_eqh_enable&quot;:false}\">\n\t\t<div class=\"elementor-element elementor-element-62c1178 e-con-full e-flex e-con e-child\" data-id=\"62c1178\" data-element_type=\"container\" data-e-type=\"container\" data-settings=\"{&quot;_ha_eqh_enable&quot;:false}\">\n\t\t\t\t<div class=\"elementor-element elementor-element-4c72e75 elementor-widget elementor-widget-heading\" data-id=\"4c72e75\" data-element_type=\"widget\" data-e-type=\"widget\" data-widget_type=\"heading.default\">\n\t\t\t\t<div class=\"elementor-widget-container\">\n\t\t\t\t\t<h3 class=\"elementor-heading-title elementor-size-default\">Drinks Section<\/h3>\t\t\t\t<\/div>\n\t\t\t\t<\/div>\n\t\t\t\t<div class=\"elementor-element elementor-element-78a53a0 elementor-widget-mobile__width-inherit elementor-widget elementor-widget-heading\" data-id=\"78a53a0\" data-element_type=\"widget\" data-e-type=\"widget\" data-widget_type=\"heading.default\">\n\t\t\t\t<div class=\"elementor-widget-container\">\n\t\t\t\t\t<h1 class=\"elementor-heading-title elementor-size-default\">Exotic drinks<\/h1>\t\t\t\t<\/div>\n\t\t\t\t<\/div>\n\t\t\t\t<div class=\"elementor-element elementor-element-834ae3f elementor-invisible elementor-widget elementor-widget-text-editor\" data-id=\"834ae3f\" data-element_type=\"widget\" data-e-type=\"widget\" data-settings=\"{&quot;_animation&quot;:&quot;zoomIn&quot;}\" data-widget_type=\"text-editor.default\">\n\t\t\t\t<div class=\"elementor-widget-container\">\n\t\t\t\t\t\t\t\t\t<p><strong>Discover our carefully curated selection of beverages\u2014from aromatic coffees to refreshing cocktails. Each drink is prepared with high-quality ingredients and fresh fruit to perfectly round off your culinary experience.<\/strong><\/p>\t\t\t\t\t\t\t\t<\/div>\n\t\t\t\t<\/div>\n\t\t\t\t<\/div>\n\t\t\t\t<\/div>\n\t\t\t\t<\/div>\n\t\t\t\t<\/div>\n\t\t\t\t\t<\/div>\n\t\t\t\t<\/div>\n\t\t<div class=\"elementor-element elementor-element-cea00b2 e-flex e-con-boxed e-con e-parent\" data-id=\"cea00b2\" data-element_type=\"container\" data-e-type=\"container\" data-settings=\"{&quot;_ha_eqh_enable&quot;:false}\">\n\t\t\t\t\t<div class=\"e-con-inner\">\n\t\t\t\t<div class=\"elementor-element elementor-element-9b8f49f elementor-widget elementor-widget-shortcode\" data-id=\"9b8f49f\" data-element_type=\"widget\" data-e-type=\"widget\" data-widget_type=\"shortcode.default\">\n\t\t\t\t<div class=\"elementor-widget-container\">\n\t\t\t\t\t\t\t<div class=\"elementor-shortcode\"><style type='text\/css' media='all'>#fmp-container-2926193314 .fmp-title h3,#fmp-container-2926193314 .fmp-content h3 {color:#ffffff;}#fmp-container-2926193314 .fmp-content h3:hover,#fmp-container-2926193314 h3.fmp-title:hover,#fmp-container-2926193314 .fmp-title h3:hover { color:#8e8e8e;}#fmp-container-2926193314 .fmp-box .fmp-price,#fmp-container-2926193314 .fmp-box .price,#fmp-container-2926193314 .fmp-food-item .price,#fmp-container-2926193314 .fmp-layout8 .fmp-box-wrapper .fmp-price-wrapper .fmp-price,#fmp-container-2926193314 .fmp-layout1 .fmp-price-wrapper span.fmp-price,#fmp-container-2926193314 .fmp-content-wrap .price {color:#f455f4;font-size:19px;font-weight:bold;text-align:center;}#fmp-container-2926193314 .fmp-layout8 .fmp-box-wrapper .fmp-price-wrapper .fmp-price,#fmp-container-2926193314 .fmp-layout1 .fmp-price-wrapper span.fmp-price {background:#f455f4;}#fmp-container-2926193314 .fmp-layout1 .fmp-price-wrapper span.fmp-price::before {border-right-color:#f455f4;}#fmp-container-2926193314 .fmp-layout1 .fmp-price-wrapper span.fmp-price::after {border-left-color:#f455f4;border-top-color:#f455f4;}#fmp-container-2926193314 a.fmp-btn-read-more::before,\r\n\t\t\t#fmp-container-2926193314 a.fmp-wc-add-to-cart-btn::before,\r\n\t\t\t#fmp-container-2926193314 .fmp-utility .fmp-load-more button::before,\r\n\t\t\t#fmp-container-2926193314 .fmp-pagination ul.pagination-list li span::before,\r\n\t\t\t#fmp-container-2926193314 .fmp-load-more::before,\r\n\t\t\t#fmp-container-2926193314 .fmp-iso-filter.type-1 button,\r\n\t\t\t#fmp-container-2926193314 .fmp-iso-filter.type-2 button,\r\n\t\t\t#fmp-container-2926193314 .fmp-carousel .swiper-arrow::before,\r\n\t\t\t#fmp-container-2926193314 .fmp-layout5 .fmp-price,\r\n\t\t\t#fmp-container-2926193314 .fmp-layout5 .fmp-price-box .fmp-attr-variation-wrapper,\r\n\t\t\t#fmp-container-2926193314.fmp-wrapper .fmp-food-item.product a.button + .added_to_cart,\r\n\t\t\t#fmp-container-2926193314.fmp-wrapper .fmp-food-item.product a.button::before {background: ;}#fmp-container-2926193314 a.fmp-btn-read-more::after,\r\n\t\t\t#fmp-container-2926193314 a.fmp-wc-add-to-cart-btn::after,\r\n\t\t\t#fmp-container-2926193314 .fmp-utility .fmp-load-more button::after,\r\n\t\t\t#fmp-container-2926193314 .fmp-load-more::after,\r\n\t\t\t#fmp-container-2926193314 .fmp-carousel .swiper-arrow::after,\r\n\t\t\t#fmp-container-2926193314 .fmp-pagination ul.pagination-list li.active span::after,\r\n\t\t\t#fmp-container-2926193314 .fmp-pagination ul.pagination-list li a::after,\r\n\t\t\t#fmp-container-2926193314 .fmp-layout5 .fmp-wc-add-to-cart-btn::after,\r\n\t\t\t#fmp-container-2926193314.fmp-wrapper .fmp-food-item.product a.button::after {background:;}#fmp-container-2926193314 .fmp-isotope-buttons button::before,\r\n\t\t\t#fmp-container-2926193314 .fmp-isotope-buttons button.selected::after,\r\n\t\t\t#fmp-container-2926193314 .fmp-isotope-buttons button.selected,\r\n\t\t\t#fmp-container-2926193314 .fmp-isotope-buttons button:hover,\r\n\t\t\t#fmp-container-2926193314.fmp-wrapper .fmp-carousel.swiper .swiper-pagination-bullet,\r\n\t\t\t#fmp-container-2926193314.fmp-wrapper .fmp-carousel.swiper .swiper-pagination-bullet:hover,\r\n\t\t\t#fmp-container-2926193314 .fmp-isotope-buttons button::after {background:;}#fmp-container-2926193314 .fmp-iso-filter button,#fmp-container-2926193314 .fmp-btn-read-more,#fmp-container-2926193314 .fmp-load-more,#fmp-container-2926193314.fmp-wrapper .fmp-food-item.product a.button,#fmp-container-2926193314 .fmp-wc-add-to-cart-btn { }<\/style><div class=\"fmp-container-fluid fmp-wrapper fmp fmp-hover-zoom_in fmp-image-top fmp-img-normal has-mobile-title has-mobile-image has-mobile-price has-mobile-excerpt no-hover-icon\" id=\"fmp-container-2926193314\" data-sc-id=\"2260\" data-layout=\"grid-by-cat-free\" data-desktop-col=\"2\" data-tab-col=\"2\" data-mobile-col=\"1\"><div data-title=\"Loading ...\" class=\"fmp-row fmp-content-loader fmp-grid-by-cat-free fmp-pre-loader\"><div class=\"fmp-grids-wrapper\"><div class='fmp-category-title-wrapper type-1'><h2 class='fmp-category-title'><span>Signature Cocktails<\/span><\/h2><\/div><div class=\"fmp-col-xs-12 fmp-grids-wrapper\"><div class=\"fmp-row\"><div class='fmp-col-lg-6 fmp-col-md-6 fmp-col-sm-6 fmp-col-xs-12   even-grid-item fmp-grid-item fmp-ready-animation animated fadeIn'><div class='fmp-food-item food-menu'><div class=\"fmp-image-wrap\"><img fetchpriority=\"high\" decoding=\"async\" width=\"298\" height=\"300\" src=\"https:\/\/aliara-restaurant.de\/wp-content\/uploads\/2025\/11\/Long-ISland-Iced-Tea-298x300.png\" class=\"fmp-feature-img\" alt=\"LONG ISLAND ICED TEA\" \/><i class=\"fmp-image-icon\"><\/i><\/div><div class=\"fmp-content-wrap\"><div class=\"fmp-title\"><h3 class=\"no-link\">LONG ISLAND ICED TEA<\/h3><span class=\"price\">11.00\u20ac<\/span><\/div><div class=\"fmp-body\"><p>A powerful classic with five spirits \u2013 vodka, Bacard\u00ed, tequila, gin, and triple sec, finished with cola. &nbsp;<\/p><\/div><div class=\"fmp-footer\"><\/div><\/div><\/div><\/div><div class='fmp-col-lg-6 fmp-col-md-6 fmp-col-sm-6 fmp-col-xs-12   even-grid-item fmp-grid-item fmp-ready-animation animated fadeIn'><div class='fmp-food-item food-menu'><div class=\"fmp-image-wrap\"><img decoding=\"async\" width=\"281\" height=\"300\" src=\"https:\/\/aliara-restaurant.de\/wp-content\/uploads\/2025\/11\/Expresso-MArtini-e1764414090570-281x300.png\" class=\"fmp-feature-img\" alt=\"Expresso Martini\" \/><i class=\"fmp-image-icon\"><\/i><\/div><div class=\"fmp-content-wrap\"><div class=\"fmp-title\"><h3 class=\"no-link\">Expresso Martini<\/h3><span class=\"price\">9.50\u20ac<\/span><\/div><div class=\"fmp-body\"><p>Espresso Martini with fresh espresso, vodka, and Kahl\u00faa \u2013 the perfect blend of energy and indulgence.<\/p><\/div><div class=\"fmp-footer\"><\/div><\/div><\/div><\/div><div class='fmp-col-lg-6 fmp-col-md-6 fmp-col-sm-6 fmp-col-xs-12   even-grid-item fmp-grid-item fmp-ready-animation animated fadeIn'><div class='fmp-food-item food-menu'><div class=\"fmp-image-wrap\"><img decoding=\"async\" width=\"284\" height=\"300\" src=\"https:\/\/aliara-restaurant.de\/wp-content\/uploads\/2025\/11\/Swimming-Pool-cocktail-284x300.png\" class=\"fmp-feature-img\" alt=\"SWIMMING POOL\" \/><i class=\"fmp-image-icon\"><\/i><\/div><div class=\"fmp-content-wrap\"><div class=\"fmp-title\"><h3 class=\"no-link\">SWIMMING POOL<\/h3><span class=\"price\">9.49\u20ac<\/span><\/div><div class=\"fmp-body\"><p>Tropical colada dream with Bacard\u00ed, vodka, blue cura\u00e7ao, pineapple, and coconut \u2013 summer in a glass!<\/p><\/div><div class=\"fmp-footer\"><\/div><\/div><\/div><\/div><\/div><\/div><\/div><div class=\"fmp-loading-overlay\"><\/div><div class=\"fmp-loading fmp-ball-clip-rotate\"><div><\/div><\/div><\/div><\/div><\/div>\n\t\t\t\t\t\t<\/div>\n\t\t\t\t<\/div>\n\t\t\t\t\t<\/div>\n\t\t\t\t<\/div>\n\t\t<div class=\"elementor-element elementor-element-596b9e3 e-flex e-con-boxed e-con e-parent\" data-id=\"596b9e3\" data-element_type=\"container\" data-e-type=\"container\" data-settings=\"{&quot;_ha_eqh_enable&quot;:false}\">\n\t\t\t\t\t<div class=\"e-con-inner\">\n\t\t\t\t<div class=\"elementor-element elementor-element-d285853 elementor-widget elementor-widget-shortcode\" data-id=\"d285853\" data-element_type=\"widget\" data-e-type=\"widget\" data-widget_type=\"shortcode.default\">\n\t\t\t\t<div class=\"elementor-widget-container\">\n\t\t\t\t\t\t\t<div class=\"elementor-shortcode\"><style type='text\/css' media='all'>#fmp-container-668182188 .fmp-title h3,#fmp-container-668182188 .fmp-content h3 {color:#f4f4f4;}#fmp-container-668182188 .fmp-content h3:hover,#fmp-container-668182188 h3.fmp-title:hover,#fmp-container-668182188 .fmp-title h3:hover { color:#c6c6c6;}#fmp-container-668182188 .fmp-box .fmp-price,#fmp-container-668182188 .fmp-box .price,#fmp-container-668182188 .fmp-food-item .price,#fmp-container-668182188 .fmp-layout8 .fmp-box-wrapper .fmp-price-wrapper .fmp-price,#fmp-container-668182188 .fmp-layout1 .fmp-price-wrapper span.fmp-price,#fmp-container-668182188 .fmp-content-wrap .price {color:#f455f4;font-size:19px;font-weight:bold;text-align:center;}#fmp-container-668182188 .fmp-layout8 .fmp-box-wrapper .fmp-price-wrapper .fmp-price,#fmp-container-668182188 .fmp-layout1 .fmp-price-wrapper span.fmp-price {background:#f455f4;}#fmp-container-668182188 .fmp-layout1 .fmp-price-wrapper span.fmp-price::before {border-right-color:#f455f4;}#fmp-container-668182188 .fmp-layout1 .fmp-price-wrapper span.fmp-price::after {border-left-color:#f455f4;border-top-color:#f455f4;}#fmp-container-668182188 a.fmp-btn-read-more::before,\r\n\t\t\t#fmp-container-668182188 a.fmp-wc-add-to-cart-btn::before,\r\n\t\t\t#fmp-container-668182188 .fmp-utility .fmp-load-more button::before,\r\n\t\t\t#fmp-container-668182188 .fmp-pagination ul.pagination-list li span::before,\r\n\t\t\t#fmp-container-668182188 .fmp-load-more::before,\r\n\t\t\t#fmp-container-668182188 .fmp-iso-filter.type-1 button,\r\n\t\t\t#fmp-container-668182188 .fmp-iso-filter.type-2 button,\r\n\t\t\t#fmp-container-668182188 .fmp-carousel .swiper-arrow::before,\r\n\t\t\t#fmp-container-668182188 .fmp-layout5 .fmp-price,\r\n\t\t\t#fmp-container-668182188 .fmp-layout5 .fmp-price-box .fmp-attr-variation-wrapper,\r\n\t\t\t#fmp-container-668182188.fmp-wrapper .fmp-food-item.product a.button + .added_to_cart,\r\n\t\t\t#fmp-container-668182188.fmp-wrapper .fmp-food-item.product a.button::before {background: ;}#fmp-container-668182188 a.fmp-btn-read-more::after,\r\n\t\t\t#fmp-container-668182188 a.fmp-wc-add-to-cart-btn::after,\r\n\t\t\t#fmp-container-668182188 .fmp-utility .fmp-load-more button::after,\r\n\t\t\t#fmp-container-668182188 .fmp-load-more::after,\r\n\t\t\t#fmp-container-668182188 .fmp-carousel .swiper-arrow::after,\r\n\t\t\t#fmp-container-668182188 .fmp-pagination ul.pagination-list li.active span::after,\r\n\t\t\t#fmp-container-668182188 .fmp-pagination ul.pagination-list li a::after,\r\n\t\t\t#fmp-container-668182188 .fmp-layout5 .fmp-wc-add-to-cart-btn::after,\r\n\t\t\t#fmp-container-668182188.fmp-wrapper .fmp-food-item.product a.button::after {background:;}#fmp-container-668182188 .fmp-isotope-buttons button::before,\r\n\t\t\t#fmp-container-668182188 .fmp-isotope-buttons button.selected::after,\r\n\t\t\t#fmp-container-668182188 .fmp-isotope-buttons button.selected,\r\n\t\t\t#fmp-container-668182188 .fmp-isotope-buttons button:hover,\r\n\t\t\t#fmp-container-668182188.fmp-wrapper .fmp-carousel.swiper .swiper-pagination-bullet,\r\n\t\t\t#fmp-container-668182188.fmp-wrapper .fmp-carousel.swiper .swiper-pagination-bullet:hover,\r\n\t\t\t#fmp-container-668182188 .fmp-isotope-buttons button::after {background:;}#fmp-container-668182188 .fmp-iso-filter button,#fmp-container-668182188 .fmp-btn-read-more,#fmp-container-668182188 .fmp-load-more,#fmp-container-668182188.fmp-wrapper .fmp-food-item.product a.button,#fmp-container-668182188 .fmp-wc-add-to-cart-btn { }<\/style><div class=\"fmp-container-fluid fmp-wrapper fmp fmp-hover-zoom_in fmp-image-top fmp-img-normal has-mobile-title has-mobile-image has-mobile-price has-mobile-excerpt no-hover-icon\" id=\"fmp-container-668182188\" data-sc-id=\"2244\" data-layout=\"grid-by-cat-free\" data-desktop-col=\"2\" data-tab-col=\"2\" data-mobile-col=\"1\"><div data-title=\"Loading ...\" class=\"fmp-row fmp-content-loader fmp-grid-by-cat-free fmp-pre-loader\"><div class=\"fmp-grids-wrapper\"><div class='fmp-category-title-wrapper type-1'><h2 class='fmp-category-title'><span>Refreshing Favorites<\/span><\/h2><\/div><div class=\"fmp-col-xs-12 fmp-grids-wrapper\"><div class=\"fmp-row\"><div class='fmp-col-lg-6 fmp-col-md-6 fmp-col-sm-6 fmp-col-xs-12   even-grid-item fmp-grid-item fmp-ready-animation animated fadeIn'><div class='fmp-food-item food-menu'><div class=\"fmp-image-wrap\"><img loading=\"lazy\" decoding=\"async\" width=\"290\" height=\"300\" src=\"https:\/\/aliara-restaurant.de\/wp-content\/uploads\/2025\/11\/Mojito-290x300.png\" class=\"fmp-feature-img\" alt=\"MOJITO\u200b\" \/><i class=\"fmp-image-icon\"><\/i><\/div><div class=\"fmp-content-wrap\"><div class=\"fmp-title\"><h3 class=\"no-link\">MOJITO\u200b<\/h3><span class=\"price\">9.49\u20ac<\/span><\/div><div class=\"fmp-body\"><p>Classic Cuban cocktail with Bacard\u00ed, fresh mint, limes, raw sugar, and soda \u2013 refreshing and timeless.<\/p><\/div><div class=\"fmp-footer\"><\/div><\/div><\/div><\/div><div class='fmp-col-lg-6 fmp-col-md-6 fmp-col-sm-6 fmp-col-xs-12   even-grid-item fmp-grid-item fmp-ready-animation animated fadeIn'><div class='fmp-food-item food-menu'><div class=\"fmp-image-wrap\"><img loading=\"lazy\" decoding=\"async\" width=\"292\" height=\"300\" src=\"https:\/\/aliara-restaurant.de\/wp-content\/uploads\/2025\/11\/Hugo-292x300.png\" class=\"fmp-feature-img\" alt=\"HUGO\" \/><i class=\"fmp-image-icon\"><\/i><\/div><div class=\"fmp-content-wrap\"><div class=\"fmp-title\"><h3 class=\"no-link\">HUGO<\/h3><span class=\"price\">8.50\u20ac<\/span><\/div><div class=\"fmp-body\"><p>Refreshing prosecco cocktail with elderflower syrup, mint, lime, and soda \u2013 ideal for warm days.<\/p><\/div><div class=\"fmp-footer\"><\/div><\/div><\/div><\/div><div class='fmp-col-lg-6 fmp-col-md-6 fmp-col-sm-6 fmp-col-xs-12   even-grid-item fmp-grid-item fmp-ready-animation animated fadeIn'><div class='fmp-food-item food-menu'><div class=\"fmp-image-wrap\"><img loading=\"lazy\" decoding=\"async\" width=\"292\" height=\"300\" src=\"https:\/\/aliara-restaurant.de\/wp-content\/uploads\/2025\/11\/Aperol-Spritz-292x300.png\" class=\"fmp-feature-img\" alt=\"APEROL SPRITZ\" \/><i class=\"fmp-image-icon\"><\/i><\/div><div class=\"fmp-content-wrap\"><div class=\"fmp-title\"><h3 class=\"no-link\">APEROL SPRITZ<\/h3><span class=\"price\">8.50\u20ac<\/span><\/div><div class=\"fmp-body\"><p>The Italian summer hit \u2013 Aperol, prosecco, soda, and orange. Light, bubbly, perfect!<\/p><\/div><div class=\"fmp-footer\"><\/div><\/div><\/div><\/div><\/div><\/div><\/div><div class=\"fmp-loading-overlay\"><\/div><div class=\"fmp-loading fmp-ball-clip-rotate\"><div><\/div><\/div><\/div><\/div><\/div>\n\t\t\t\t\t\t<\/div>\n\t\t\t\t<\/div>\n\t\t\t\t\t<\/div>\n\t\t\t\t<\/div>\n\t\t<div class=\"elementor-element elementor-element-714e4be e-flex e-con-boxed e-con e-parent\" data-id=\"714e4be\" data-element_type=\"container\" data-e-type=\"container\" data-settings=\"{&quot;_ha_eqh_enable&quot;:false}\">\n\t\t\t\t\t<div class=\"e-con-inner\">\n\t\t\t\t<div class=\"elementor-element elementor-element-436c4f1 elementor-widget-divider--view-line elementor-widget elementor-widget-divider\" data-id=\"436c4f1\" data-element_type=\"widget\" data-e-type=\"widget\" data-widget_type=\"divider.default\">\n\t\t\t\t<div class=\"elementor-widget-container\">\n\t\t\t\t\t\t\t<div class=\"elementor-divider\">\n\t\t\t<span class=\"elementor-divider-separator\">\n\t\t\t\t\t\t<\/span>\n\t\t<\/div>\n\t\t\t\t\t\t<\/div>\n\t\t\t\t<\/div>\n\t\t\t\t\t<\/div>\n\t\t\t\t<\/div>\n\t\t<div class=\"elementor-element elementor-element-309848f e-flex e-con-boxed e-con e-parent\" data-id=\"309848f\" data-element_type=\"container\" data-e-type=\"container\" data-settings=\"{&quot;_ha_eqh_enable&quot;:false}\">\n\t\t\t\t\t<div class=\"e-con-inner\">\n\t\t<div class=\"elementor-element elementor-element-a85b0ea e-con-full e-flex e-con e-child\" data-id=\"a85b0ea\" data-element_type=\"container\" data-e-type=\"container\" data-settings=\"{&quot;_ha_eqh_enable&quot;:false}\">\n\t\t\t\t<div class=\"elementor-element elementor-element-d03d581 elementor-button-info elementor-align-center elementor-widget elementor-widget-button\" data-id=\"d03d581\" data-element_type=\"widget\" data-e-type=\"widget\" data-widget_type=\"button.default\">\n\t\t\t\t<div class=\"elementor-widget-container\">\n\t\t\t\t\t\t\t\t\t<div class=\"elementor-button-wrapper\">\n\t\t\t\t\t<a class=\"elementor-button elementor-button-link elementor-size-sm\" href=\"https:\/\/aliara-restaurant.de\/wp-content\/uploads\/2025\/11\/Drinks-Menu-2.pdf\" target=\"_blank\">\n\t\t\t\t\t\t<span class=\"elementor-button-content-wrapper\">\n\t\t\t\t\t\t\t\t\t<span class=\"elementor-button-text\">View Full Drinks Menu<\/span>\n\t\t\t\t\t<\/span>\n\t\t\t\t\t<\/a>\n\t\t\t\t<\/div>\n\t\t\t\t\t\t\t\t<\/div>\n\t\t\t\t<\/div>\n\t\t\t\t<\/div>\n\t\t\t\t\t<\/div>\n\t\t\t\t<\/div>\n\t\t\t\t<\/div>","protected":false},"excerpt":{"rendered":"<p>Drinks Section Exotische Getr\u00e4nke Entdecke unsere sorgf\u00e4ltig kuratierte Getr\u00e4nkeauswahl \u2013 von aromatischen Kaffees bis zu erfrischenden Cocktails. Jedes Getr\u00e4nk wird mit hochwertigen Zutaten und frischen Fr\u00fcchten zubereitet, um dein kulinarisches Erlebnis perfekt abzurunden. Zur Vollst\u00e4ndigen Getr\u00e4nkekarte<\/p>","protected":false},"author":2,"featured_media":0,"parent":0,"menu_order":0,"comment_status":"closed","ping_status":"closed","template":"","meta":{"site-sidebar-layout":"no-sidebar","site-content-layout":"page-builder","ast-site-content-layout":"full-width-container","site-content-style":"default","site-sidebar-style":"default","ast-global-header-display":"","ast-banner-title-visibility":"","ast-main-header-display":"","ast-hfb-above-header-display":"","ast-hfb-below-header-display":"","ast-hfb-mobile-header-display":"","site-post-title":"","ast-breadcrumbs-content":"","ast-featured-img":"disabled","footer-sml-layout":"","ast-disable-related-posts":"","theme-transparent-header-meta":"","adv-header-id-meta":"","stick-header-meta":"","header-above-stick-meta":"","header-main-stick-meta":"","header-below-stick-meta":"","astra-migrate-meta-layouts":"set","ast-page-background-enabled":"default","ast-page-background-meta":{"desktop":{"background-color":"","background-image":"","background-repeat":"repeat","background-position":"center center","background-size":"auto","background-attachment":"scroll","background-type":"","background-media":"","overlay-type":"","overlay-color":"","overlay-opacity":"","overlay-gradient":""},"tablet":{"background-color":"","background-image":"","background-repeat":"repeat","background-position":"center center","background-size":"auto","background-attachment":"scroll","background-type":"","background-media":"","overlay-type":"","overlay-color":"","overlay-opacity":"","overlay-gradient":""},"mobile":{"background-color":"","background-image":"","background-repeat":"repeat","background-position":"center center","background-size":"auto","background-attachment":"scroll","background-type":"","background-media":"","overlay-type":"","overlay-color":"","overlay-opacity":"","overlay-gradient":""}},"ast-content-background-meta":{"desktop":{"background-color":"var(--ast-global-color-5)","background-image":"","background-repeat":"repeat","background-position":"center center","background-size":"auto","background-attachment":"scroll","background-type":"","background-media":"","overlay-type":"","overlay-color":"","overlay-opacity":"","overlay-gradient":""},"tablet":{"background-color":"var(--ast-global-color-5)","background-image":"","background-repeat":"repeat","background-position":"center center","background-size":"auto","background-attachment":"scroll","background-type":"","background-media":"","overlay-type":"","overlay-color":"","overlay-opacity":"","overlay-gradient":""},"mobile":{"background-color":"var(--ast-global-color-5)","background-image":"","background-repeat":"repeat","background-position":"center center","background-size":"auto","background-attachment":"scroll","background-type":"","background-media":"","overlay-type":"","overlay-color":"","overlay-opacity":"","overlay-gradient":""}},"footnotes":""},"class_list":["post-1930","page","type-page","status-publish","hentry"],"_links":{"self":[{"href":"https:\/\/aliara-restaurant.de\/en\/wp-json\/wp\/v2\/pages\/1930","targetHints":{"allow":["GET"]}}],"collection":[{"href":"https:\/\/aliara-restaurant.de\/en\/wp-json\/wp\/v2\/pages"}],"about":[{"href":"https:\/\/aliara-restaurant.de\/en\/wp-json\/wp\/v2\/types\/page"}],"author":[{"embeddable":true,"href":"https:\/\/aliara-restaurant.de\/en\/wp-json\/wp\/v2\/users\/2"}],"replies":[{"embeddable":true,"href":"https:\/\/aliara-restaurant.de\/en\/wp-json\/wp\/v2\/comments?post=1930"}],"version-history":[{"count":10,"href":"https:\/\/aliara-restaurant.de\/en\/wp-json\/wp\/v2\/pages\/1930\/revisions"}],"predecessor-version":[{"id":2587,"href":"https:\/\/aliara-restaurant.de\/en\/wp-json\/wp\/v2\/pages\/1930\/revisions\/2587"}],"wp:attachment":[{"href":"https:\/\/aliara-restaurant.de\/en\/wp-json\/wp\/v2\/media?parent=1930"}],"curies":[{"name":"wp","href":"https:\/\/api.w.org\/{rel}","templated":true}]}}